{"id":5362,"date":"2024-05-31T22:44:30","date_gmt":"2024-05-31T22:44:30","guid":{"rendered":"https:\/\/californiaops.org\/?page_id=5362"},"modified":"2024-08-02T17:00:11","modified_gmt":"2024-08-02T17:00:11","slug":"calendario-academico-2","status":"publish","type":"page","link":"https:\/\/californiaops.org\/es\/calendario-academico-2\/","title":{"rendered":"Calendario acad\u00e9mico"},"content":{"rendered":"\t\t<div data-elementor-type=\"wp-page\" data-elementor-id=\"5362\" class=\"elementor elementor-5362 elementor-5361\" data-elementor-post-type=\"page\">\n\t\t\t\t\t\t\t<div class=\"elementor-element elementor-element-5350e6e e-flex e-con-boxed e-con e-parent\" data-id=\"5350e6e\" data-element_type=\"container\" data-settings=\"{&quot;container_type&quot;:&quot;flex&quot;,&quot;content_width&quot;:&quot;boxed&quot;}\" data-core-v316-plus=\"true\">\n\t\t\t\t\t<div class=\"e-con-inner\">\n\t\t<div class=\"elementor-element elementor-element-4585407 e-con-full e-flex e-con e-child\" data-id=\"4585407\" data-element_type=\"container\" data-settings=\"{&quot;content_width&quot;:&quot;full&quot;,&quot;container_type&quot;:&quot;flex&quot;}\">\n\t\t\t\t<div class=\"elementor-element elementor-element-db6a1b9 text-dark-blue elementor-widget elementor-widget-text-editor\" data-id=\"db6a1b9\" data-element_type=\"widget\" data-widget_type=\"text-editor.default\">\n\t\t\t\t<div class=\"elementor-widget-container\">\n\t\t\t<style>\/*! elementor - v3.18.0 - 20-12-2023 *\/\n.elementor-widget-text-editor.elementor-drop-cap-view-stacked .elementor-drop-cap{background-color:#69727d;color:#fff}.elementor-widget-text-editor.elementor-drop-cap-view-framed .elementor-drop-cap{color:#69727d;border:3px solid;background-color:transparent}.elementor-widget-text-editor:not(.elementor-drop-cap-view-default) .elementor-drop-cap{margin-top:8px}.elementor-widget-text-editor:not(.elementor-drop-cap-view-default) .elementor-drop-cap-letter{width:1em;height:1em}.elementor-widget-text-editor .elementor-drop-cap{float:left;text-align:center;line-height:1;font-size:50px}.elementor-widget-text-editor .elementor-drop-cap-letter{display:inline-block}<\/style>\t\t\t\t<p>Calendario acad\u00e9mico<\/p>\n\t\t\t\t\t\t<\/div>\n\t\t\t\t<\/div>\n\t\t\t\t<div class=\"elementor-element elementor-element-11633f3 elementor-widget elementor-widget-text-editor\" data-id=\"11633f3\" data-element_type=\"widget\" data-widget_type=\"text-editor.default\">\n\t\t\t\t<div class=\"elementor-widget-container\">\n\t\t\t\t\t\t\t<p>A continuaci\u00f3n se indican los cierres de nuestras escuelas y las fechas importantes para la celebraci\u00f3n de las fiestas.<\/p>\n\t\t\t\t\t\t<\/div>\n\t\t\t\t<\/div>\n\t\t\t\t<div class=\"elementor-element elementor-element-24f5b2d elementor-widget-divider--view-line elementor-widget elementor-widget-divider\" data-id=\"24f5b2d\" data-element_type=\"widget\" data-widget_type=\"divider.default\">\n\t\t\t\t<div class=\"elementor-widget-container\">\n\t\t\t<style>\/*! elementor - v3.18.0 - 20-12-2023 *\/\n.elementor-widget-divider{--divider-border-style:none;--divider-border-width:1px;--divider-color:#0c0d0e;--divider-icon-size:20px;--divider-element-spacing:10px;--divider-pattern-height:24px;--divider-pattern-size:20px;--divider-pattern-url:none;--divider-pattern-repeat:repeat-x}.elementor-widget-divider .elementor-divider{display:flex}.elementor-widget-divider .elementor-divider__text{font-size:15px;line-height:1;max-width:95%}.elementor-widget-divider .elementor-divider__element{margin:0 var(--divider-element-spacing);flex-shrink:0}.elementor-widget-divider .elementor-icon{font-size:var(--divider-icon-size)}.elementor-widget-divider .elementor-divider-separator{display:flex;margin:0;direction:ltr}.elementor-widget-divider--view-line_icon .elementor-divider-separator,.elementor-widget-divider--view-line_text .elementor-divider-separator{align-items:center}.elementor-widget-divider--view-line_icon .elementor-divider-separator:after,.elementor-widget-divider--view-line_icon .elementor-divider-separator:before,.elementor-widget-divider--view-line_text .elementor-divider-separator:after,.elementor-widget-divider--view-line_text .elementor-divider-separator:before{display:block;content:\"\";border-bottom:0;flex-grow:1;border-top:var(--divider-border-width) var(--divider-border-style) var(--divider-color)}.elementor-widget-divider--element-align-left .elementor-divider .elementor-divider-separator>.elementor-divider__svg:first-of-type{flex-grow:0;flex-shrink:100}.elementor-widget-divider--element-align-left .elementor-divider-separator:before{content:none}.elementor-widget-divider--element-align-left .elementor-divider__element{margin-left:0}.elementor-widget-divider--element-align-right .elementor-divider .elementor-divider-separator>.elementor-divider__svg:last-of-type{flex-grow:0;flex-shrink:100}.elementor-widget-divider--element-align-right .elementor-divider-separator:after{content:none}.elementor-widget-divider--element-align-right .elementor-divider__element{margin-right:0}.elementor-widget-divider:not(.elementor-widget-divider--view-line_text):not(.elementor-widget-divider--view-line_icon) .elementor-divider-separator{border-top:var(--divider-border-width) var(--divider-border-style) var(--divider-color)}.elementor-widget-divider--separator-type-pattern{--divider-border-style:none}.elementor-widget-divider--separator-type-pattern.elementor-widget-divider--view-line .elementor-divider-separator,.elementor-widget-divider--separator-type-pattern:not(.elementor-widget-divider--view-line) .elementor-divider-separator:after,.elementor-widget-divider--separator-type-pattern:not(.elementor-widget-divider--view-line) .elementor-divider-separator:before,.elementor-widget-divider--separator-type-pattern:not([class*=elementor-widget-divider--view]) .elementor-divider-separator{width:100%;min-height:var(--divider-pattern-height);-webkit-mask-size:var(--divider-pattern-size) 100%;mask-size:var(--divider-pattern-size) 100%;-webkit-mask-repeat:var(--divider-pattern-repeat);mask-repeat:var(--divider-pattern-repeat);background-color:var(--divider-color);-webkit-mask-image:var(--divider-pattern-url);mask-image:var(--divider-pattern-url)}.elementor-widget-divider--no-spacing{--divider-pattern-size:auto}.elementor-widget-divider--bg-round{--divider-pattern-repeat:round}.rtl .elementor-widget-divider .elementor-divider__text{direction:rtl}.e-con-inner>.elementor-widget-divider,.e-con>.elementor-widget-divider{width:var(--container-widget-width,100%);--flex-grow:var(--container-widget-flex-grow)}<\/style>\t\t<div class=\"elementor-divider\">\n\t\t\t<span class=\"elementor-divider-separator\">\n\t\t\t\t\t\t<\/span>\n\t\t<\/div>\n\t\t\t\t<\/div>\n\t\t\t\t<\/div>\n\t\t\t\t<div class=\"elementor-element elementor-element-371ceff font-bold elementor-widget elementor-widget-heading\" data-id=\"371ceff\" data-element_type=\"widget\" data-widget_type=\"heading.default\">\n\t\t\t\t<div class=\"elementor-widget-container\">\n\t\t\t<style>\/*! elementor - v3.18.0 - 20-12-2023 *\/\n.elementor-heading-title{padding:0;margin:0;line-height:1}.elementor-widget-heading .elementor-heading-title[class*=elementor-size-]>a{color:inherit;font-size:inherit;line-height:inherit}.elementor-widget-heading .elementor-heading-title.elementor-size-small{font-size:15px}.elementor-widget-heading .elementor-heading-title.elementor-size-medium{font-size:19px}.elementor-widget-heading .elementor-heading-title.elementor-size-large{font-size:29px}.elementor-widget-heading .elementor-heading-title.elementor-size-xl{font-size:39px}.elementor-widget-heading .elementor-heading-title.elementor-size-xxl{font-size:59px}<\/style><div class=\"elementor-heading-title elementor-size-default\">El Calendario Acad\u00e9mico 2024-25 para las Escuelas P\u00fablicas Online de California<\/div>\t\t<\/div>\n\t\t\t\t<\/div>\n\t\t<div class=\"elementor-element elementor-element-19e0698 e-grid e-con-boxed e-con e-child\" data-id=\"19e0698\" data-element_type=\"container\" data-settings=\"{&quot;container_type&quot;:&quot;grid&quot;,&quot;grid_rows_grid&quot;:{&quot;unit&quot;:&quot;fr&quot;,&quot;size&quot;:3,&quot;sizes&quot;:[]},&quot;background_background&quot;:&quot;classic&quot;,&quot;content_width&quot;:&quot;boxed&quot;,&quot;grid_outline&quot;:&quot;yes&quot;,&quot;grid_columns_grid&quot;:{&quot;unit&quot;:&quot;fr&quot;,&quot;size&quot;:3,&quot;sizes&quot;:[]},&quot;grid_columns_grid_tablet_extra&quot;:{&quot;unit&quot;:&quot;fr&quot;,&quot;size&quot;:&quot;&quot;,&quot;sizes&quot;:[]},&quot;grid_columns_grid_tablet&quot;:{&quot;unit&quot;:&quot;fr&quot;,&quot;size&quot;:&quot;&quot;,&quot;sizes&quot;:[]},&quot;grid_columns_grid_mobile_extra&quot;:{&quot;unit&quot;:&quot;fr&quot;,&quot;size&quot;:&quot;&quot;,&quot;sizes&quot;:[]},&quot;grid_columns_grid_mobile&quot;:{&quot;unit&quot;:&quot;fr&quot;,&quot;size&quot;:1,&quot;sizes&quot;:[]},&quot;grid_rows_grid_tablet_extra&quot;:{&quot;unit&quot;:&quot;fr&quot;,&quot;size&quot;:&quot;&quot;,&quot;sizes&quot;:[]},&quot;grid_rows_grid_tablet&quot;:{&quot;unit&quot;:&quot;fr&quot;,&quot;size&quot;:&quot;&quot;,&quot;sizes&quot;:[]},&quot;grid_rows_grid_mobile_extra&quot;:{&quot;unit&quot;:&quot;fr&quot;,&quot;size&quot;:&quot;&quot;,&quot;sizes&quot;:[]},&quot;grid_rows_grid_mobile&quot;:{&quot;unit&quot;:&quot;fr&quot;,&quot;size&quot;:&quot;&quot;,&quot;sizes&quot;:[]},&quot;grid_auto_flow&quot;:&quot;row&quot;,&quot;grid_auto_flow_tablet_extra&quot;:&quot;row&quot;,&quot;grid_auto_flow_tablet&quot;:&quot;row&quot;,&quot;grid_auto_flow_mobile_extra&quot;:&quot;row&quot;,&quot;grid_auto_flow_mobile&quot;:&quot;row&quot;}\">\n\t\t\t\t\t<div class=\"e-con-inner\">\n\t\t\t\t<div class=\"elementor-element elementor-element-21f372b elementor-widget elementor-widget-text-editor\" data-id=\"21f372b\" data-element_type=\"widget\" data-widget_type=\"text-editor.default\">\n\t\t\t\t<div class=\"elementor-widget-container\">\n\t\t\t\t\t\t\t<h5><strong>Septiembre<\/strong><\/h5>\n<p><span style=\"font-weight: 400;\">3 de septiembre de 2024: Primer d\u00eda de clase<\/span><\/p><\/p>\n\t\t\t\t\t\t<\/div>\n\t\t\t\t<\/div>\n\t\t\t\t<div class=\"elementor-element elementor-element-3e5b5ac elementor-widget elementor-widget-text-editor\" data-id=\"3e5b5ac\" data-element_type=\"widget\" data-widget_type=\"text-editor.default\">\n\t\t\t\t<div class=\"elementor-widget-container\">\n\t\t\t\t\t\t\t<h5><strong>Noviembre<\/strong><\/h5>\n<p>11 de noviembre de 2024: D\u00eda de los Veteranos &#8211; No hay clases<\/p>\n<p>Del 25 al 29 de noviembre de 2024: Vacaciones de oto\u00f1o &#8211; No hay clases<\/p><\/p>\n\t\t\t\t\t\t<\/div>\n\t\t\t\t<\/div>\n\t\t\t\t<div class=\"elementor-element elementor-element-2517102 elementor-widget elementor-widget-text-editor\" data-id=\"2517102\" data-element_type=\"widget\" data-widget_type=\"text-editor.default\">\n\t\t\t\t<div class=\"elementor-widget-container\">\n\t\t\t\t\t\t\t<h5><strong>Diciembre<\/strong><\/h5>\n<p>23 de diciembre de 2024 &#8211; 3 de enero de 2025: Vacaciones de invierno &#8211; No hay clases<\/p><\/p>\n\t\t\t\t\t\t<\/div>\n\t\t\t\t<\/div>\n\t\t\t\t<div class=\"elementor-element elementor-element-84a664d elementor-widget elementor-widget-text-editor\" data-id=\"84a664d\" data-element_type=\"widget\" data-widget_type=\"text-editor.default\">\n\t\t\t\t<div class=\"elementor-widget-container\">\n\t\t\t\t\t\t\t<h5><strong>Enero<\/strong><\/h5>\n<p>20 de enero de 2025: Martin Luther King, Jr. D\u00eda no lectivo<\/p>\n<p>29 de enero de 2025: Finaliza el primer semestre<\/p>\n<p>30 de enero de 2025: D\u00eda de trabajo del profesorado <span style=\"text-align: var(--text-align); font-family: Lato, -apple-system, BlinkMacSystemFont, 'Segoe UI', Roboto, 'Helvetica Neue', Arial, 'Noto Sans', sans-serif, 'Apple Color Emoji', 'Segoe UI Emoji', 'Segoe UI Symbol', 'Noto Color Emoji'; font-size: 1rem;\">&#8211; No hay clase<\/span><\/p>\n<p><span style=\"text-align: var(--text-align); font-family: Lato, -apple-system, BlinkMacSystemFont, 'Segoe UI', Roboto, 'Helvetica Neue', Arial, 'Noto Sans', sans-serif, 'Apple Color Emoji', 'Segoe UI Emoji', 'Segoe UI Symbol', 'Noto Color Emoji'; font-size: 1rem;\">31 de enero de 2025: Receso de mitad de semestre<\/span><\/p><\/p>\n\t\t\t\t\t\t<\/div>\n\t\t\t\t<\/div>\n\t\t\t\t<div class=\"elementor-element elementor-element-28a44bf elementor-widget elementor-widget-text-editor\" data-id=\"28a44bf\" data-element_type=\"widget\" data-widget_type=\"text-editor.default\">\n\t\t\t\t<div class=\"elementor-widget-container\">\n\t\t\t\t\t\t\t<h5><strong>Febrero<\/strong><\/h5>\n<p>3 de febrero de 2025: Comienza el segundo semestre<\/p>\n<p>17 de febrero de 2025: D\u00eda de los Presidentes &#8211; No hay clases<\/p>\n<p>18, 20, 25 de febrero de 2025: Pruebas de aptitud f\u00edsica &#8211; Grados 5, 7 y 9<\/p><\/p>\n\t\t\t\t\t\t<\/div>\n\t\t\t\t<\/div>\n\t\t\t\t<div class=\"elementor-element elementor-element-1bb7a39 elementor-widget elementor-widget-text-editor\" data-id=\"1bb7a39\" data-element_type=\"widget\" data-widget_type=\"text-editor.default\">\n\t\t\t\t<div class=\"elementor-widget-container\">\n\t\t\t\t\t\t\t<h5><strong>Marzo<\/strong><\/h5>\n<div><em>Pronto los detalles<\/em><\/div>\n\t\t\t\t\t\t<\/div>\n\t\t\t\t<\/div>\n\t\t\t\t<div class=\"elementor-element elementor-element-a0f43b0 elementor-widget elementor-widget-text-editor\" data-id=\"a0f43b0\" data-element_type=\"widget\" data-widget_type=\"text-editor.default\">\n\t\t\t\t<div class=\"elementor-widget-container\">\n\t\t\t\t\t\t\t<h5><strong>Abril<\/strong><\/h5>\n<p>Del 14 al 18 de abril de 2025: Vacaciones de primavera &#8211; No hay clases<\/p>\n<p><span style=\"font-weight: 400;\">Del 21 de abril al 23 de mayo de 2025: CAASPP (Pruebas estatales) Grados 3-8 y 11<\/span><\/p><\/p>\n\t\t\t\t\t\t<\/div>\n\t\t\t\t<\/div>\n\t\t\t\t<div class=\"elementor-element elementor-element-c5d8f29 elementor-widget elementor-widget-text-editor\" data-id=\"c5d8f29\" data-element_type=\"widget\" data-widget_type=\"text-editor.default\">\n\t\t\t\t<div class=\"elementor-widget-container\">\n\t\t\t\t\t\t\t<h5><strong>Mayo<\/strong><\/h5>\n<p><span style=\"font-weight: 400;\">26 de mayo de 2025: D\u00eda de los Ca\u00eddos &#8211; No hay clases<\/span><\/p><\/p>\n\t\t\t\t\t\t<\/div>\n\t\t\t\t<\/div>\n\t\t\t\t<div class=\"elementor-element elementor-element-0390f9c elementor-widget elementor-widget-text-editor\" data-id=\"0390f9c\" data-element_type=\"widget\" data-widget_type=\"text-editor.default\">\n\t\t\t\t<div class=\"elementor-widget-container\">\n\t\t\t\t\t\t\t<h5><strong>Junio<\/strong><\/h5>\n<p><span style=\"font-weight: 400;\">10 de junio de 2025: Fecha l\u00edmite para el \u00faltimo curso (s\u00f3lo Bachillerato)<\/span><\/p>\n<p><span style=\"font-weight: 400;\">17 de junio de 2025: \u00daltimo d\u00eda de clase<\/span><\/p>\n<p><span style=\"font-weight: 400;\">19 de junio de 2025: 19 de junio &#8211; No hay escuela<\/span><\/p>\n\t\t\t\t\t\t<\/div>\n\t\t\t\t<\/div>\n\t\t\t\t\t<\/div>\n\t\t\t\t<\/div>\n\t\t\t\t<\/div>\n\t\t\t\t\t<\/div>\n\t\t\t\t<\/div>\n\t\t\t\t\t\t\t<\/div>\n\t\t","protected":false},"excerpt":{"rendered":"<p>Calendario acad\u00e9mico A continuaci\u00f3n se indican los cierres de nuestras escuelas y las fechas importantes para la celebraci\u00f3n de las fiestas. El Calendario Acad\u00e9mico 2024-25 para las Escuelas P\u00fablicas Online de California Septiembre 3 de septiembre de 2024: Primer d\u00eda de clase Noviembre 11 de noviembre de 2024: D\u00eda de los Veteranos &#8211; No hay [&hellip;]<\/p>\n","protected":false},"author":3,"featured_media":0,"parent":0,"menu_order":0,"comment_status":"closed","ping_status":"closed","template":"","meta":{"footnotes":""},"acf":[],"yoast_head":"<!-- This site is optimized with the Yoast SEO plugin v21.4 - https:\/\/yoast.com\/wordpress\/plugins\/seo\/ -->\n<title>Calendario acad\u00e9mico - California Online Public Schools<\/title>\n<meta name=\"description\" content=\"Calendario acad\u00e9mico - Learn more about % California Online Public School\" \/>\n<meta name=\"robots\" content=\"index, follow, max-snippet:-1, max-image-preview:large, max-video-preview:-1\" \/>\n<link rel=\"canonical\" href=\"https:\/\/californiaops.org\/es\/calendario-academico-2\/\" \/>\n<meta property=\"og:locale\" content=\"es_ES\" \/>\n<meta property=\"og:type\" content=\"article\" \/>\n<meta property=\"og:title\" content=\"Calendario acad\u00e9mico - California Online Public Schools\" \/>\n<meta property=\"og:description\" content=\"Calendario acad\u00e9mico - Learn more about % California Online Public School\" \/>\n<meta property=\"og:url\" content=\"https:\/\/californiaops.org\/es\/calendario-academico-2\/\" \/>\n<meta property=\"og:site_name\" content=\"California Online Public Schools\" \/>\n<meta property=\"article:modified_time\" content=\"2024-08-02T17:00:11+00:00\" \/>\n<meta name=\"twitter:card\" content=\"summary_large_image\" \/>\n<meta name=\"twitter:label1\" content=\"Est. reading time\" \/>\n\t<meta name=\"twitter:data1\" content=\"1 minuto\" \/>\n<script type=\"application\/ld+json\" class=\"yoast-schema-graph\">{\"@context\":\"https:\/\/schema.org\",\"@graph\":[{\"@type\":\"WebPage\",\"@id\":\"https:\/\/californiaops.org\/es\/calendario-academico-2\/\",\"url\":\"https:\/\/californiaops.org\/es\/calendario-academico-2\/\",\"name\":\"Calendario acad\u00e9mico - California Online Public Schools\",\"isPartOf\":{\"@id\":\"https:\/\/californiaops.org\/es\/#website\"},\"datePublished\":\"2024-05-31T22:44:30+00:00\",\"dateModified\":\"2024-08-02T17:00:11+00:00\",\"description\":\"Calendario acad\u00e9mico - Learn more about % California Online Public School\",\"breadcrumb\":{\"@id\":\"https:\/\/californiaops.org\/es\/calendario-academico-2\/#breadcrumb\"},\"inLanguage\":\"es\",\"potentialAction\":[{\"@type\":\"ReadAction\",\"target\":[\"https:\/\/californiaops.org\/es\/calendario-academico-2\/\"]}]},{\"@type\":\"BreadcrumbList\",\"@id\":\"https:\/\/californiaops.org\/es\/calendario-academico-2\/#breadcrumb\",\"itemListElement\":[{\"@type\":\"ListItem\",\"position\":1,\"name\":\"Home\",\"item\":\"https:\/\/californiaops.org\/es\/inicio\/\"},{\"@type\":\"ListItem\",\"position\":2,\"name\":\"Calendario acad\u00e9mico\"}]},{\"@type\":\"WebSite\",\"@id\":\"https:\/\/californiaops.org\/es\/#website\",\"url\":\"https:\/\/californiaops.org\/es\/\",\"name\":\"California Online Public Schools\",\"description\":\"\",\"publisher\":{\"@id\":\"https:\/\/californiaops.org\/es\/#organization\"},\"potentialAction\":[{\"@type\":\"SearchAction\",\"target\":{\"@type\":\"EntryPoint\",\"urlTemplate\":\"https:\/\/californiaops.org\/es\/?s={search_term_string}\"},\"query-input\":\"required name=search_term_string\"}],\"inLanguage\":\"es\"},{\"@type\":\"Organization\",\"@id\":\"https:\/\/californiaops.org\/es\/#organization\",\"name\":\"California Online Public Schools\",\"url\":\"https:\/\/californiaops.org\/es\/\",\"logo\":{\"@type\":\"ImageObject\",\"inLanguage\":\"es\",\"@id\":\"https:\/\/californiaops.org\/es\/#\/schema\/logo\/image\/\",\"url\":\"https:\/\/californiaops.org\/wp-content\/uploads\/2023\/10\/calops-logo.svg\",\"contentUrl\":\"https:\/\/californiaops.org\/wp-content\/uploads\/2023\/10\/calops-logo.svg\",\"width\":274,\"height\":67,\"caption\":\"California Online Public Schools\"},\"image\":{\"@id\":\"https:\/\/californiaops.org\/es\/#\/schema\/logo\/image\/\"}}]}<\/script>\n<!-- \/ Yoast SEO plugin. -->","yoast_head_json":{"title":"Calendario acad\u00e9mico - California Online Public Schools","description":"Calendario acad\u00e9mico - Learn more about % California Online Public School","robots":{"index":"index","follow":"follow","max-snippet":"max-snippet:-1","max-image-preview":"max-image-preview:large","max-video-preview":"max-video-preview:-1"},"canonical":"https:\/\/californiaops.org\/es\/calendario-academico-2\/","og_locale":"es_ES","og_type":"article","og_title":"Calendario acad\u00e9mico - California Online Public Schools","og_description":"Calendario acad\u00e9mico - Learn more about % California Online Public School","og_url":"https:\/\/californiaops.org\/es\/calendario-academico-2\/","og_site_name":"California Online Public Schools","article_modified_time":"2024-08-02T17:00:11+00:00","twitter_card":"summary_large_image","twitter_misc":{"Est. reading time":"1 minuto"},"schema":{"@context":"https:\/\/schema.org","@graph":[{"@type":"WebPage","@id":"https:\/\/californiaops.org\/es\/calendario-academico-2\/","url":"https:\/\/californiaops.org\/es\/calendario-academico-2\/","name":"Calendario acad\u00e9mico - California Online Public Schools","isPartOf":{"@id":"https:\/\/californiaops.org\/es\/#website"},"datePublished":"2024-05-31T22:44:30+00:00","dateModified":"2024-08-02T17:00:11+00:00","description":"Calendario acad\u00e9mico - Learn more about % California Online Public School","breadcrumb":{"@id":"https:\/\/californiaops.org\/es\/calendario-academico-2\/#breadcrumb"},"inLanguage":"es","potentialAction":[{"@type":"ReadAction","target":["https:\/\/californiaops.org\/es\/calendario-academico-2\/"]}]},{"@type":"BreadcrumbList","@id":"https:\/\/californiaops.org\/es\/calendario-academico-2\/#breadcrumb","itemListElement":[{"@type":"ListItem","position":1,"name":"Home","item":"https:\/\/californiaops.org\/es\/inicio\/"},{"@type":"ListItem","position":2,"name":"Calendario acad\u00e9mico"}]},{"@type":"WebSite","@id":"https:\/\/californiaops.org\/es\/#website","url":"https:\/\/californiaops.org\/es\/","name":"California Online Public Schools","description":"","publisher":{"@id":"https:\/\/californiaops.org\/es\/#organization"},"potentialAction":[{"@type":"SearchAction","target":{"@type":"EntryPoint","urlTemplate":"https:\/\/californiaops.org\/es\/?s={search_term_string}"},"query-input":"required name=search_term_string"}],"inLanguage":"es"},{"@type":"Organization","@id":"https:\/\/californiaops.org\/es\/#organization","name":"California Online Public Schools","url":"https:\/\/californiaops.org\/es\/","logo":{"@type":"ImageObject","inLanguage":"es","@id":"https:\/\/californiaops.org\/es\/#\/schema\/logo\/image\/","url":"https:\/\/californiaops.org\/wp-content\/uploads\/2023\/10\/calops-logo.svg","contentUrl":"https:\/\/californiaops.org\/wp-content\/uploads\/2023\/10\/calops-logo.svg","width":274,"height":67,"caption":"California Online Public Schools"},"image":{"@id":"https:\/\/californiaops.org\/es\/#\/schema\/logo\/image\/"}}]}},"_links":{"self":[{"href":"https:\/\/californiaops.org\/es\/wp-json\/wp\/v2\/pages\/5362"}],"collection":[{"href":"https:\/\/californiaops.org\/es\/wp-json\/wp\/v2\/pages"}],"about":[{"href":"https:\/\/californiaops.org\/es\/wp-json\/wp\/v2\/types\/page"}],"author":[{"embeddable":true,"href":"https:\/\/californiaops.org\/es\/wp-json\/wp\/v2\/users\/3"}],"replies":[{"embeddable":true,"href":"https:\/\/californiaops.org\/es\/wp-json\/wp\/v2\/comments?post=5362"}],"version-history":[{"count":4,"href":"https:\/\/californiaops.org\/es\/wp-json\/wp\/v2\/pages\/5362\/revisions"}],"predecessor-version":[{"id":7022,"href":"https:\/\/californiaops.org\/es\/wp-json\/wp\/v2\/pages\/5362\/revisions\/7022"}],"wp:attachment":[{"href":"https:\/\/californiaops.org\/es\/wp-json\/wp\/v2\/media?parent=5362"}],"curies":[{"name":"wp","href":"https:\/\/api.w.org\/{rel}","templated":true}]}}