{"id":4639,"date":"2023-10-11T20:19:04","date_gmt":"2023-10-11T20:19:04","guid":{"rendered":"https:\/\/californiaops.org\/politica-de-privacidad\/"},"modified":"2024-01-31T00:24:21","modified_gmt":"2024-01-31T00:24:21","slug":"politica-de-privacidad","status":"publish","type":"page","link":"https:\/\/californiaops.org\/es\/politica-de-privacidad\/","title":{"rendered":"Pol\u00edtica de privacidad"},"content":{"rendered":"\n<div style=\"height:100px\" aria-hidden=\"true\" class=\"wp-block-spacer\"><\/div>\n\n<h2 class=\"wp-block-heading\"><strong>Uso de la informaci\u00f3n personal<\/strong><\/h2>\n\n<p>No recogemos ninguna informaci\u00f3n personal a menos que usted nos la proporcione voluntariamente envi\u00e1ndonos un correo electr\u00f3nico, participando en una encuesta o cumplimentando un formulario en l\u00ednea. Podemos revelar informaci\u00f3n personal a terceros no afiliados, como socios publicitarios y proveedores de an\u00e1lisis, para que nos ayuden a prestarle, comunicarle, comercializar y publicitar nuestros servicios. Por lo dem\u00e1s, la informaci\u00f3n personal enviada no se revelar\u00e1 a terceros no afiliados, a menos que se indique lo contrario en el momento de la recogida, y s\u00f3lo se utilizar\u00e1 para los fines indicados en el momento de la recogida.<\/p>\n\n<h2 class=\"wp-block-heading\"><strong>Informaci\u00f3n que nos facilita<\/strong><\/h2>\n\n<p>Para comunicarnos eficazmente con los visitantes de nuestro sitio web, podemos pedirle informaci\u00f3n de identificaci\u00f3n personal que puede incluir, a modo de ejemplo, su nombre, el nombre de su hijo, su direcci\u00f3n, su direcci\u00f3n de correo electr\u00f3nico, su n\u00famero de tel\u00e9fono o sus intereses educativos. Es su decisi\u00f3n proporcionarnos esta informaci\u00f3n personal; s\u00f3lo recopilaremos la informaci\u00f3n personal que usted nos proporcione. California Online Public Schools divulgar\u00e1 su informaci\u00f3n personal sin previo aviso s\u00f3lo si es necesario para: (1) cumplir con un proceso legal \/ acci\u00f3n; (2) proteger y defender los derechos o la propiedad de la Escuela y; (3) actuar bajo circunstancias exigentes para proteger la seguridad personal de los usuarios de la escuela o el p\u00fablico.La Escuela no vende, alquila o cede sus listas de clientes a terceros.<\/p>\n\n<h2 class=\"wp-block-heading\"><strong>Informaci\u00f3n recopilada autom\u00e1ticamente<\/strong><\/h2>\n\n<p>Cuando visita nuestro sitio web, algunos datos como su direcci\u00f3n de red de Internet, proveedor de servicios de Internet, sistema operativo, versi\u00f3n del navegador web, sitio desde el que lleg\u00f3 y la hora y fecha de su visita pueden recopilarse autom\u00e1ticamente como parte del funcionamiento normal del sitio. Esta informaci\u00f3n no es personalmente identificable, y no vinculamos esta informaci\u00f3n a ninguna informaci\u00f3n personalmente identificable que usted env\u00ede al utilizar nuestro sitio. Esta informaci\u00f3n se utiliza \u00fanicamente para hacer un seguimiento de los patrones de navegaci\u00f3n por la web, comprender mejor c\u00f3mo se utiliza nuestro sitio y, en caso necesario, solucionar problemas con el sitio.<\/p>\n\n<h2 class=\"wp-block-heading\"><strong>Consentimiento<\/strong><\/h2>\n\n<p>Cuando se requiera el consentimiento para el uso y la divulgaci\u00f3n de informaci\u00f3n personal, la escuela solicitar\u00e1 el consentimiento de la persona adecuada. En el caso de la informaci\u00f3n personal de un alumno, la escuela solicitar\u00e1 el consentimiento del alumno y\/o de los padres, dependiendo de las circunstancias y de la capacidad mental y madurez del alumno para comprender las consecuencias del uso y divulgaci\u00f3n propuestos.<\/p>\n\n<h2 class=\"wp-block-heading\"><strong>Cookies<\/strong><\/h2>\n\n<p>Una cookie es un peque\u00f1o archivo de texto almacenado por su navegador que permite al sitio web \u00abrecordar\u00bb sus preferencias (como la configuraci\u00f3n del calendario y los marcadores del sitio) en el sitio de una visita a otra, o mantener su estado de \u00abconectado\u00bb al visitar \u00e1reas protegidas. El uso de una cookie no est\u00e1 vinculado en modo alguno a ninguna informaci\u00f3n personal identificable durante la visita a nuestro sitio. Los navegadores web tienen ajustes que le permiten rechazar cookies, o aceptar cookies selectivamente, o borrar cookies previamente aceptadas. Tenga en cuenta que rechazar o eliminar las cookies de nuestro sitio web puede hacer que algunas funciones no est\u00e9n disponibles para usted.<\/p>\n\n<h2 class=\"wp-block-heading\"><strong>Archivos de registro<\/strong><\/h2>\n\n<p>Como la mayor\u00eda de los servidores de sitios web est\u00e1ndar, utilizamos paquetes de estad\u00edsticas de sitios web como Google Analytics para analizar las tendencias de acceso y utilizaci\u00f3n de nuestro sitio web. La informaci\u00f3n controlada incluye direcciones de protocolo de Internet (IP), ubicaci\u00f3n geogr\u00e1fica de los visitantes (pa\u00eds, ciudad), tipo de navegador, proveedor de servicios de Internet (ISP), p\u00e1ginas de referencia\/salida, tipo de plataforma, sello de fecha\/hora, tiempo de permanencia en las p\u00e1ginas y palabras clave utilizadas para encontrar nuestro sitio a trav\u00e9s de motores de b\u00fasqueda. Esta informaci\u00f3n es an\u00f3nima y no puede vincularse directamente a usuarios individuales. Podemos utilizarla para identificar \u00e1reas del sitio que se utilizan mucho o poco, se\u00f1alar \u00e1reas problem\u00e1ticas del sitio, analizar tendencias demogr\u00e1ficas generales de nuestros visitantes y tomar decisiones sobre c\u00f3mo facilitar a la gente la b\u00fasqueda y navegaci\u00f3n por nuestro sitio web.<\/p>\n\n<h2 class=\"wp-block-heading\"><strong>Enlaces<\/strong><\/h2>\n\n<p>Este sitio web puede contener enlaces a otros sitios. Tenga en cuenta que no somos responsables de las pr\u00e1cticas de privacidad de esos otros sitios. Animamos a nuestros usuarios a estar atentos cuando abandonen nuestro sitio y a leer las declaraciones de privacidad de todos y cada uno de los sitios web que recopilan informaci\u00f3n personal identificable. Esta declaraci\u00f3n de privacidad se aplica exclusivamente a la informaci\u00f3n recogida por este sitio web.<\/p>\n\n<h2 class=\"wp-block-heading\"><strong>Seguridad<\/strong><\/h2>\n\n<p>Este sitio web toma todas las precauciones necesarias para proteger la informaci\u00f3n personal de nuestros usuarios. Siempre que los usuarios env\u00eden informaci\u00f3n personal (como datos de contacto o de la tarjeta de cr\u00e9dito) a trav\u00e9s de formularios en l\u00ednea, registro o compra en l\u00ednea, dicha informaci\u00f3n se encriptar\u00e1 mediante el nivel m\u00e1s alto de SSL (Secured Sockets Layer) disponible. Los servidores que almacenan informaci\u00f3n personal identificable se encuentran en un entorno seguro. En ning\u00fan caso se almacenan de forma permanente los n\u00fameros de las tarjetas de cr\u00e9dito en los servidores de nuestro sitio web.<\/p>\n\n<h2 class=\"wp-block-heading\"><strong>Comunicaciones no seguras<\/strong><\/h2>\n\n<p>Las publicaciones en foros de debate y blogs pueden ser vistas por otros usuarios. Cuando estas \u00e1reas no se encuentran en una zona protegida por contrase\u00f1a, pueden ser visibles para el p\u00fablico en general. Tenga esto en cuenta cuando publique informaci\u00f3n personal en estas zonas.<\/p>\n\n<h2 class=\"wp-block-heading\"><strong>Informaci\u00f3n de contacto<\/strong><\/h2>\n\n<p>Si los usuarios tienen alguna pregunta o sugerencia sobre nuestra pol\u00edtica de privacidad, pueden ponerse en contacto con nosotros en: <a href=\"mailto:marketing-team@californiaops.org\">marketing-team@californiaops.org<\/a> <\/p>\n\n<h2 class=\"wp-block-heading\"><strong>Cambios en esta declaraci\u00f3n<\/strong><\/h2>\n\n<p>Las Escuelas P\u00fablicas Online de California actualizar\u00e1n ocasionalmente esta Declaraci\u00f3n para reflejar los comentarios de la escuela y la familia. Le recomendamos que revise peri\u00f3dicamente esta Declaraci\u00f3n para estar informado de c\u00f3mo protegemos su informaci\u00f3n.<\/p>\n","protected":false},"excerpt":{"rendered":"<p>Uso de la informaci\u00f3n personal No recogemos ninguna informaci\u00f3n personal a menos que usted nos la proporcione voluntariamente envi\u00e1ndonos un correo electr\u00f3nico, participando en una encuesta o cumplimentando un formulario en l\u00ednea. Podemos revelar informaci\u00f3n personal a terceros no afiliados, como socios publicitarios y proveedores de an\u00e1lisis, para que nos ayuden a prestarle, comunicarle, comercializar [&hellip;]<\/p>\n","protected":false},"author":1,"featured_media":0,"parent":0,"menu_order":0,"comment_status":"closed","ping_status":"closed","template":"","meta":{"footnotes":""},"acf":[],"yoast_head":"<!-- This site is optimized with the Yoast SEO plugin v21.4 - https:\/\/yoast.com\/wordpress\/plugins\/seo\/ -->\n<title>Pol\u00edtica de privacidad - California Online Public Schools<\/title>\n<meta name=\"description\" content=\"Pol\u00edtica de privacidad - Learn more about % California Online Public School\" \/>\n<meta name=\"robots\" content=\"index, follow, max-snippet:-1, max-image-preview:large, max-video-preview:-1\" \/>\n<link rel=\"canonical\" href=\"https:\/\/californiaops.org\/es\/politica-de-privacidad\/\" \/>\n<meta property=\"og:locale\" content=\"es_ES\" \/>\n<meta property=\"og:type\" content=\"article\" \/>\n<meta property=\"og:title\" content=\"Pol\u00edtica de privacidad - California Online Public Schools\" \/>\n<meta property=\"og:description\" content=\"Pol\u00edtica de privacidad - Learn more about % California Online Public School\" \/>\n<meta property=\"og:url\" content=\"https:\/\/californiaops.org\/es\/politica-de-privacidad\/\" \/>\n<meta property=\"og:site_name\" content=\"California Online Public Schools\" \/>\n<meta property=\"article:modified_time\" content=\"2024-01-31T00:24:21+00:00\" \/>\n<meta name=\"twitter:card\" content=\"summary_large_image\" \/>\n<meta name=\"twitter:label1\" content=\"Est. reading time\" \/>\n\t<meta name=\"twitter:data1\" content=\"5 minutos\" \/>\n<script type=\"application\/ld+json\" class=\"yoast-schema-graph\">{\"@context\":\"https:\/\/schema.org\",\"@graph\":[{\"@type\":\"WebPage\",\"@id\":\"https:\/\/californiaops.org\/es\/politica-de-privacidad\/\",\"url\":\"https:\/\/californiaops.org\/es\/politica-de-privacidad\/\",\"name\":\"Pol\u00edtica de privacidad - California Online Public Schools\",\"isPartOf\":{\"@id\":\"https:\/\/californiaops.org\/es\/#website\"},\"datePublished\":\"2023-10-11T20:19:04+00:00\",\"dateModified\":\"2024-01-31T00:24:21+00:00\",\"description\":\"Pol\u00edtica de privacidad - Learn more about % California Online Public School\",\"breadcrumb\":{\"@id\":\"https:\/\/californiaops.org\/es\/politica-de-privacidad\/#breadcrumb\"},\"inLanguage\":\"es\",\"potentialAction\":[{\"@type\":\"ReadAction\",\"target\":[\"https:\/\/californiaops.org\/es\/politica-de-privacidad\/\"]}]},{\"@type\":\"BreadcrumbList\",\"@id\":\"https:\/\/californiaops.org\/es\/politica-de-privacidad\/#breadcrumb\",\"itemListElement\":[{\"@type\":\"ListItem\",\"position\":1,\"name\":\"Home\",\"item\":\"https:\/\/californiaops.org\/es\/inicio\/\"},{\"@type\":\"ListItem\",\"position\":2,\"name\":\"Pol\u00edtica de privacidad\"}]},{\"@type\":\"WebSite\",\"@id\":\"https:\/\/californiaops.org\/es\/#website\",\"url\":\"https:\/\/californiaops.org\/es\/\",\"name\":\"California Online Public Schools\",\"description\":\"\",\"publisher\":{\"@id\":\"https:\/\/californiaops.org\/es\/#organization\"},\"potentialAction\":[{\"@type\":\"SearchAction\",\"target\":{\"@type\":\"EntryPoint\",\"urlTemplate\":\"https:\/\/californiaops.org\/es\/?s={search_term_string}\"},\"query-input\":\"required name=search_term_string\"}],\"inLanguage\":\"es\"},{\"@type\":\"Organization\",\"@id\":\"https:\/\/californiaops.org\/es\/#organization\",\"name\":\"California Online Public Schools\",\"url\":\"https:\/\/californiaops.org\/es\/\",\"logo\":{\"@type\":\"ImageObject\",\"inLanguage\":\"es\",\"@id\":\"https:\/\/californiaops.org\/es\/#\/schema\/logo\/image\/\",\"url\":\"https:\/\/californiaops.org\/wp-content\/uploads\/2023\/10\/calops-logo.svg\",\"contentUrl\":\"https:\/\/californiaops.org\/wp-content\/uploads\/2023\/10\/calops-logo.svg\",\"width\":274,\"height\":67,\"caption\":\"California Online Public Schools\"},\"image\":{\"@id\":\"https:\/\/californiaops.org\/es\/#\/schema\/logo\/image\/\"}}]}<\/script>\n<!-- \/ Yoast SEO plugin. -->","yoast_head_json":{"title":"Pol\u00edtica de privacidad - California Online Public Schools","description":"Pol\u00edtica de privacidad - Learn more about % California Online Public School","robots":{"index":"index","follow":"follow","max-snippet":"max-snippet:-1","max-image-preview":"max-image-preview:large","max-video-preview":"max-video-preview:-1"},"canonical":"https:\/\/californiaops.org\/es\/politica-de-privacidad\/","og_locale":"es_ES","og_type":"article","og_title":"Pol\u00edtica de privacidad - California Online Public Schools","og_description":"Pol\u00edtica de privacidad - Learn more about % California Online Public School","og_url":"https:\/\/californiaops.org\/es\/politica-de-privacidad\/","og_site_name":"California Online Public Schools","article_modified_time":"2024-01-31T00:24:21+00:00","twitter_card":"summary_large_image","twitter_misc":{"Est. reading time":"5 minutos"},"schema":{"@context":"https:\/\/schema.org","@graph":[{"@type":"WebPage","@id":"https:\/\/californiaops.org\/es\/politica-de-privacidad\/","url":"https:\/\/californiaops.org\/es\/politica-de-privacidad\/","name":"Pol\u00edtica de privacidad - California Online Public Schools","isPartOf":{"@id":"https:\/\/californiaops.org\/es\/#website"},"datePublished":"2023-10-11T20:19:04+00:00","dateModified":"2024-01-31T00:24:21+00:00","description":"Pol\u00edtica de privacidad - Learn more about % California Online Public School","breadcrumb":{"@id":"https:\/\/californiaops.org\/es\/politica-de-privacidad\/#breadcrumb"},"inLanguage":"es","potentialAction":[{"@type":"ReadAction","target":["https:\/\/californiaops.org\/es\/politica-de-privacidad\/"]}]},{"@type":"BreadcrumbList","@id":"https:\/\/californiaops.org\/es\/politica-de-privacidad\/#breadcrumb","itemListElement":[{"@type":"ListItem","position":1,"name":"Home","item":"https:\/\/californiaops.org\/es\/inicio\/"},{"@type":"ListItem","position":2,"name":"Pol\u00edtica de privacidad"}]},{"@type":"WebSite","@id":"https:\/\/californiaops.org\/es\/#website","url":"https:\/\/californiaops.org\/es\/","name":"California Online Public Schools","description":"","publisher":{"@id":"https:\/\/californiaops.org\/es\/#organization"},"potentialAction":[{"@type":"SearchAction","target":{"@type":"EntryPoint","urlTemplate":"https:\/\/californiaops.org\/es\/?s={search_term_string}"},"query-input":"required name=search_term_string"}],"inLanguage":"es"},{"@type":"Organization","@id":"https:\/\/californiaops.org\/es\/#organization","name":"California Online Public Schools","url":"https:\/\/californiaops.org\/es\/","logo":{"@type":"ImageObject","inLanguage":"es","@id":"https:\/\/californiaops.org\/es\/#\/schema\/logo\/image\/","url":"https:\/\/californiaops.org\/wp-content\/uploads\/2023\/10\/calops-logo.svg","contentUrl":"https:\/\/californiaops.org\/wp-content\/uploads\/2023\/10\/calops-logo.svg","width":274,"height":67,"caption":"California Online Public Schools"},"image":{"@id":"https:\/\/californiaops.org\/es\/#\/schema\/logo\/image\/"}}]}},"_links":{"self":[{"href":"https:\/\/californiaops.org\/es\/wp-json\/wp\/v2\/pages\/4639"}],"collection":[{"href":"https:\/\/californiaops.org\/es\/wp-json\/wp\/v2\/pages"}],"about":[{"href":"https:\/\/californiaops.org\/es\/wp-json\/wp\/v2\/types\/page"}],"author":[{"embeddable":true,"href":"https:\/\/californiaops.org\/es\/wp-json\/wp\/v2\/users\/1"}],"replies":[{"embeddable":true,"href":"https:\/\/californiaops.org\/es\/wp-json\/wp\/v2\/comments?post=4639"}],"version-history":[{"count":1,"href":"https:\/\/californiaops.org\/es\/wp-json\/wp\/v2\/pages\/4639\/revisions"}],"predecessor-version":[{"id":4640,"href":"https:\/\/californiaops.org\/es\/wp-json\/wp\/v2\/pages\/4639\/revisions\/4640"}],"wp:attachment":[{"href":"https:\/\/californiaops.org\/es\/wp-json\/wp\/v2\/media?parent=4639"}],"curies":[{"name":"wp","href":"https:\/\/api.w.org\/{rel}","templated":true}]}}