{"id":4634,"date":"2023-10-16T15:31:07","date_gmt":"2023-10-16T15:31:07","guid":{"rendered":"https:\/\/californiaops.org\/calendario-academico\/"},"modified":"2024-08-02T17:00:11","modified_gmt":"2024-08-02T17:00:11","slug":"calendario-academico","status":"publish","type":"page","link":"https:\/\/californiaops.org\/es\/calendario-academico\/","title":{"rendered":"Calendario acad\u00e9mico"},"content":{"rendered":"\t\t<div data-elementor-type=\"wp-page\" data-elementor-id=\"4634\" class=\"elementor elementor-4634\" data-elementor-post-type=\"page\">\n\t\t\t\t\t\t\t<div class=\"elementor-element elementor-element-b042130 e-con-full page-hero page-hero--dark e-flex e-con e-parent\" data-id=\"b042130\" data-element_type=\"container\" data-settings=\"{&quot;content_width&quot;:&quot;full&quot;,&quot;container_type&quot;:&quot;flex&quot;}\" data-core-v316-plus=\"true\">\n\t\t\t\t<div class=\"elementor-element elementor-element-43d30c9 elementor-widget elementor-widget-page-hero-widget\" data-id=\"43d30c9\" data-element_type=\"widget\" data-widget_type=\"page-hero-widget.default\">\n\t\t\t\t<div class=\"elementor-widget-container\">\n\t\t\t\t\t<div class=\"page-hero-inner text-center\">\n\t\t\t<h1 class=\"font-bold text-55px\">School Calendar<\/h1>\n\t\t\t<p>Online school isn't all academics all the time! Below are our school closures and important dates for holidays observances.\n<\/p>\n\t\t\t\t\t<\/div>\n\t\t\t\t<\/div>\n\t\t\t\t<\/div>\n\t\t\t\t<\/div>\n\t\t<div class=\"elementor-element elementor-element-53d0153 e-flex e-con-boxed e-con e-parent\" data-id=\"53d0153\" data-element_type=\"container\" data-settings=\"{&quot;container_type&quot;:&quot;flex&quot;,&quot;content_width&quot;:&quot;boxed&quot;}\" data-core-v316-plus=\"true\">\n\t\t\t\t\t<div class=\"e-con-inner\">\n\t\t\t\t<div class=\"elementor-element elementor-element-5455b31 elementor-widget elementor-widget-spacer\" data-id=\"5455b31\" data-element_type=\"widget\" data-widget_type=\"spacer.default\">\n\t\t\t\t<div class=\"elementor-widget-container\">\n\t\t\t<style>\/*! elementor - v3.18.0 - 20-12-2023 *\/\n.elementor-column .elementor-spacer-inner{height:var(--spacer-size)}.e-con{--container-widget-width:100%}.e-con-inner>.elementor-widget-spacer,.e-con>.elementor-widget-spacer{width:var(--container-widget-width,var(--spacer-size));--align-self:var(--container-widget-align-self,initial);--flex-shrink:0}.e-con-inner>.elementor-widget-spacer>.elementor-widget-container,.e-con>.elementor-widget-spacer>.elementor-widget-container{height:100%;width:100%}.e-con-inner>.elementor-widget-spacer>.elementor-widget-container>.elementor-spacer,.e-con>.elementor-widget-spacer>.elementor-widget-container>.elementor-spacer{height:100%}.e-con-inner>.elementor-widget-spacer>.elementor-widget-container>.elementor-spacer>.elementor-spacer-inner,.e-con>.elementor-widget-spacer>.elementor-widget-container>.elementor-spacer>.elementor-spacer-inner{height:var(--container-widget-height,var(--spacer-size))}.e-con-inner>.elementor-widget-spacer.elementor-widget-empty,.e-con>.elementor-widget-spacer.elementor-widget-empty{position:relative;min-height:22px;min-width:22px}.e-con-inner>.elementor-widget-spacer.elementor-widget-empty .elementor-widget-empty-icon,.e-con>.elementor-widget-spacer.elementor-widget-empty .elementor-widget-empty-icon{position:absolute;top:0;bottom:0;left:0;right:0;margin:auto;padding:0;width:22px;height:22px}<\/style>\t\t<div class=\"elementor-spacer\">\n\t\t\t<div class=\"elementor-spacer-inner\"><\/div>\n\t\t<\/div>\n\t\t\t\t<\/div>\n\t\t\t\t<\/div>\n\t\t\t\t<div class=\"elementor-element elementor-element-5669950 elementor-widget elementor-widget-heading\" data-id=\"5669950\" data-element_type=\"widget\" data-widget_type=\"heading.default\">\n\t\t\t\t<div class=\"elementor-widget-container\">\n\t\t\t<style>\/*! elementor - v3.18.0 - 20-12-2023 *\/\n.elementor-heading-title{padding:0;margin:0;line-height:1}.elementor-widget-heading .elementor-heading-title[class*=elementor-size-]>a{color:inherit;font-size:inherit;line-height:inherit}.elementor-widget-heading .elementor-heading-title.elementor-size-small{font-size:15px}.elementor-widget-heading .elementor-heading-title.elementor-size-medium{font-size:19px}.elementor-widget-heading .elementor-heading-title.elementor-size-large{font-size:29px}.elementor-widget-heading .elementor-heading-title.elementor-size-xl{font-size:39px}.elementor-widget-heading .elementor-heading-title.elementor-size-xxl{font-size:59px}<\/style><h2 class=\"elementor-heading-title elementor-size-default\">Calendario del a\u00f1o escolar 2023-24 para las escuelas p\u00fablicas en l\u00ednea de California<\/h2>\t\t<\/div>\n\t\t\t\t<\/div>\n\t\t\t\t\t<\/div>\n\t\t\t\t<\/div>\n\t\t<div class=\"elementor-element elementor-element-779b1a9 e-grid e-con-boxed e-con e-parent\" data-id=\"779b1a9\" data-element_type=\"container\" data-settings=\"{&quot;container_type&quot;:&quot;grid&quot;,&quot;grid_columns_grid&quot;:{&quot;unit&quot;:&quot;fr&quot;,&quot;size&quot;:1,&quot;sizes&quot;:[]},&quot;grid_rows_grid&quot;:{&quot;unit&quot;:&quot;fr&quot;,&quot;size&quot;:&quot;1&quot;,&quot;sizes&quot;:[]},&quot;grid_rows_grid_mobile&quot;:{&quot;unit&quot;:&quot;fr&quot;,&quot;size&quot;:&quot;1&quot;,&quot;sizes&quot;:[]},&quot;content_width&quot;:&quot;boxed&quot;,&quot;grid_outline&quot;:&quot;yes&quot;,&quot;grid_columns_grid_tablet_extra&quot;:{&quot;unit&quot;:&quot;fr&quot;,&quot;size&quot;:&quot;&quot;,&quot;sizes&quot;:[]},&quot;grid_columns_grid_tablet&quot;:{&quot;unit&quot;:&quot;fr&quot;,&quot;size&quot;:&quot;&quot;,&quot;sizes&quot;:[]},&quot;grid_columns_grid_mobile_extra&quot;:{&quot;unit&quot;:&quot;fr&quot;,&quot;size&quot;:&quot;&quot;,&quot;sizes&quot;:[]},&quot;grid_columns_grid_mobile&quot;:{&quot;unit&quot;:&quot;fr&quot;,&quot;size&quot;:1,&quot;sizes&quot;:[]},&quot;grid_rows_grid_tablet_extra&quot;:{&quot;unit&quot;:&quot;fr&quot;,&quot;size&quot;:&quot;&quot;,&quot;sizes&quot;:[]},&quot;grid_rows_grid_tablet&quot;:{&quot;unit&quot;:&quot;fr&quot;,&quot;size&quot;:&quot;&quot;,&quot;sizes&quot;:[]},&quot;grid_rows_grid_mobile_extra&quot;:{&quot;unit&quot;:&quot;fr&quot;,&quot;size&quot;:&quot;&quot;,&quot;sizes&quot;:[]},&quot;grid_auto_flow&quot;:&quot;row&quot;,&quot;grid_auto_flow_tablet_extra&quot;:&quot;row&quot;,&quot;grid_auto_flow_tablet&quot;:&quot;row&quot;,&quot;grid_auto_flow_mobile_extra&quot;:&quot;row&quot;,&quot;grid_auto_flow_mobile&quot;:&quot;row&quot;}\" data-core-v316-plus=\"true\">\n\t\t\t\t\t<div class=\"e-con-inner\">\n\t\t\t\t<div class=\"elementor-element elementor-element-8b07a5e elementor-widget elementor-widget-text-editor\" data-id=\"8b07a5e\" data-element_type=\"widget\" data-widget_type=\"text-editor.default\">\n\t\t\t\t<div class=\"elementor-widget-container\">\n\t\t\t<style>\/*! elementor - v3.18.0 - 20-12-2023 *\/\n.elementor-widget-text-editor.elementor-drop-cap-view-stacked .elementor-drop-cap{background-color:#69727d;color:#fff}.elementor-widget-text-editor.elementor-drop-cap-view-framed .elementor-drop-cap{color:#69727d;border:3px solid;background-color:transparent}.elementor-widget-text-editor:not(.elementor-drop-cap-view-default) .elementor-drop-cap{margin-top:8px}.elementor-widget-text-editor:not(.elementor-drop-cap-view-default) .elementor-drop-cap-letter{width:1em;height:1em}.elementor-widget-text-editor .elementor-drop-cap{float:left;text-align:center;line-height:1;font-size:50px}.elementor-widget-text-editor .elementor-drop-cap-letter{display:inline-block}<\/style>\t\t\t\t<ul>\n<li><span style=\"font-weight: 400;\"><strong>5 de septiembre de 2023<\/strong>: Primer d\u00eda de clase<\/span><\/li>\n<li><strong>10 de noviembre de 2023:<\/strong> D\u00eda de los Veteranos &#8211; No hay clases<\/li>\n<li><strong>Del 20 al 24 de noviembre de 2023:<\/strong> Vacaciones de oto\u00f1o &#8211; No hay clases<\/li>\n<li><strong>18 de diciembre de 2023 &#8211; 1 de enero de 2024:<\/strong> Vacaciones de invierno &#8211; No hay clases<\/li>\n<li><strong>15 de enero de 2024:<\/strong> Martin Luther King, Jr. D\u00eda no lectivo<\/li>\n<li><strong>31 de enero de 2024:<\/strong> Finaliza el primer semestre<\/li>\n<li><strong>5 de febrero de 2024:<\/strong> Comienza el segundo semestre<\/li>\n<li><strong>19 de febrero de 2024:<\/strong> D\u00eda de los Presidentes &#8211; No hay clases<\/li>\n<li><strong>19, 21 y 26 de marzo de 2024:<\/strong> Pruebas de aptitud f\u00edsica &#8211; Grados 5, 7 y 9<\/li>\n<li><strong>8-12 de abril de 2024:<\/strong> Vacaciones de primavera &#8211; No hay clases<\/li>\n<li><span style=\"font-weight: 400;\"><strong>Del 22 de abril al 24 de mayo de 2024:<\/strong> CAASPP (Pruebas estatales) Grados 3-8 y 11<\/span><\/li>\n<li><span style=\"font-weight: 400;\"><strong>27 de mayo de 2024:<\/strong> D\u00eda de los Ca\u00eddos &#8211; No hay clases<\/span><\/li>\n<li><span style=\"font-weight: 400;\"><strong>11 de junio de 2024:<\/strong> Fecha l\u00edmite para el \u00faltimo curso (s\u00f3lo bachillerato)<\/span><\/li>\n<li><span style=\"font-weight: 400;\"><strong>19 de junio de 2024:<\/strong> 19 de junio &#8211; No hay clases<\/span><\/li>\n<li><span style=\"font-weight: 400;\"><strong>20 de junio de 2024:<\/strong> \u00daltimo d\u00eda de clase<\/span><\/li>\n<\/ul>\n\t\t\t\t\t\t<\/div>\n\t\t\t\t<\/div>\n\t\t\t\t\t<\/div>\n\t\t\t\t<\/div>\n\t\t<div class=\"elementor-element elementor-element-b5d636b e-flex e-con-boxed e-con e-parent\" data-id=\"b5d636b\" data-element_type=\"container\" data-settings=\"{&quot;container_type&quot;:&quot;flex&quot;,&quot;content_width&quot;:&quot;boxed&quot;}\" data-core-v316-plus=\"true\">\n\t\t\t\t\t<div class=\"e-con-inner\">\n\t\t\t\t<div class=\"elementor-element elementor-element-c6e09e3 elementor-widget elementor-widget-spacer\" data-id=\"c6e09e3\" data-element_type=\"widget\" data-widget_type=\"spacer.default\">\n\t\t\t\t<div class=\"elementor-widget-container\">\n\t\t\t\t\t<div class=\"elementor-spacer\">\n\t\t\t<div class=\"elementor-spacer-inner\"><\/div>\n\t\t<\/div>\n\t\t\t\t<\/div>\n\t\t\t\t<\/div>\n\t\t\t\t<div class=\"elementor-element elementor-element-6c258c3 elementor-widget elementor-widget-heading\" data-id=\"6c258c3\" data-element_type=\"widget\" data-widget_type=\"heading.default\">\n\t\t\t\t<div class=\"elementor-widget-container\">\n\t\t\t<h2 class=\"elementor-heading-title elementor-size-default\">Calendario del curso escolar 2024-25 para las escuelas p\u00fablicas en l\u00ednea de California<\/h2>\t\t<\/div>\n\t\t\t\t<\/div>\n\t\t\t\t\t<\/div>\n\t\t\t\t<\/div>\n\t\t<div class=\"elementor-element elementor-element-50107a4 e-grid e-con-boxed e-con e-parent\" data-id=\"50107a4\" data-element_type=\"container\" data-settings=\"{&quot;container_type&quot;:&quot;grid&quot;,&quot;grid_columns_grid&quot;:{&quot;unit&quot;:&quot;fr&quot;,&quot;size&quot;:1,&quot;sizes&quot;:[]},&quot;grid_rows_grid&quot;:{&quot;unit&quot;:&quot;fr&quot;,&quot;size&quot;:&quot;1&quot;,&quot;sizes&quot;:[]},&quot;grid_rows_grid_mobile&quot;:{&quot;unit&quot;:&quot;fr&quot;,&quot;size&quot;:&quot;1&quot;,&quot;sizes&quot;:[]},&quot;content_width&quot;:&quot;boxed&quot;,&quot;grid_outline&quot;:&quot;yes&quot;,&quot;grid_columns_grid_tablet_extra&quot;:{&quot;unit&quot;:&quot;fr&quot;,&quot;size&quot;:&quot;&quot;,&quot;sizes&quot;:[]},&quot;grid_columns_grid_tablet&quot;:{&quot;unit&quot;:&quot;fr&quot;,&quot;size&quot;:&quot;&quot;,&quot;sizes&quot;:[]},&quot;grid_columns_grid_mobile_extra&quot;:{&quot;unit&quot;:&quot;fr&quot;,&quot;size&quot;:&quot;&quot;,&quot;sizes&quot;:[]},&quot;grid_columns_grid_mobile&quot;:{&quot;unit&quot;:&quot;fr&quot;,&quot;size&quot;:1,&quot;sizes&quot;:[]},&quot;grid_rows_grid_tablet_extra&quot;:{&quot;unit&quot;:&quot;fr&quot;,&quot;size&quot;:&quot;&quot;,&quot;sizes&quot;:[]},&quot;grid_rows_grid_tablet&quot;:{&quot;unit&quot;:&quot;fr&quot;,&quot;size&quot;:&quot;&quot;,&quot;sizes&quot;:[]},&quot;grid_rows_grid_mobile_extra&quot;:{&quot;unit&quot;:&quot;fr&quot;,&quot;size&quot;:&quot;&quot;,&quot;sizes&quot;:[]},&quot;grid_auto_flow&quot;:&quot;row&quot;,&quot;grid_auto_flow_tablet_extra&quot;:&quot;row&quot;,&quot;grid_auto_flow_tablet&quot;:&quot;row&quot;,&quot;grid_auto_flow_mobile_extra&quot;:&quot;row&quot;,&quot;grid_auto_flow_mobile&quot;:&quot;row&quot;}\" data-core-v316-plus=\"true\">\n\t\t\t\t\t<div class=\"e-con-inner\">\n\t\t\t\t<div class=\"elementor-element elementor-element-5c77265 elementor-widget elementor-widget-text-editor\" data-id=\"5c77265\" data-element_type=\"widget\" data-widget_type=\"text-editor.default\">\n\t\t\t\t<div class=\"elementor-widget-container\">\n\t\t\t\t\t\t\t<ul>\n<li><span style=\"font-weight: 400;\"><strong>3 de septiembre de 2024:<\/strong> Primer d\u00eda de clase<\/span><\/li>\n<li><strong>11 de noviembre de 2024:<\/strong> D\u00eda de los Veteranos &#8211; No hay clases<\/li>\n<li><strong>Del 25 al 29 de noviembre de 2024:<\/strong> Vacaciones de oto\u00f1o &#8211; No hay clases<\/li>\n<li><strong>23 de diciembre de 2024 &#8211; 3 de enero de 2025:<\/strong> Vacaciones de invierno &#8211; No hay clases<\/li>\n<li><strong>20 de enero de 2025:<\/strong> Martin Luther King, Jr. D\u00eda no lectivo<\/li>\n<li><strong>29 de enero de 2025:<\/strong> Finaliza el primer semestre<\/li>\n<li><strong>30 de enero de 2025:<\/strong> D\u00eda de trabajo del profesorado <span style=\"text-align: var(--text-align); font-family: Lato, -apple-system, BlinkMacSystemFont, 'Segoe UI', Roboto, 'Helvetica Neue', Arial, 'Noto Sans', sans-serif, 'Apple Color Emoji', 'Segoe UI Emoji', 'Segoe UI Symbol', 'Noto Color Emoji'; font-size: 1rem;\">&#8211; No hay clase<\/span><\/li>\n<li><span style=\"text-align: var(--text-align); font-family: Lato, -apple-system, BlinkMacSystemFont, 'Segoe UI', Roboto, 'Helvetica Neue', Arial, 'Noto Sans', sans-serif, 'Apple Color Emoji', 'Segoe UI Emoji', 'Segoe UI Symbol', 'Noto Color Emoji'; font-size: 1rem;\"><strong>31 de enero de 2025:<\/strong> Receso de mitad de semestre<\/span><\/li>\n<li><strong>3 de febrero de 2025:<\/strong> Comienza el segundo semestre<\/li>\n<li><strong>17 de febrero de 2025:<\/strong> D\u00eda de los Presidentes &#8211; No hay clases<\/li>\n<li><strong>18, 20, 25 y 2025 de marzo:<\/strong> Pruebas de aptitud f\u00edsica &#8211; Grados 5, 7 y 9<\/li>\n<li><strong>Del 14 al 18 de abril de 2025:<\/strong> Vacaciones de primavera &#8211; No hay clases<\/li>\n<li><span style=\"font-weight: 400;\"><strong>Del 21 de abril al 23 de mayo de 2025:<\/strong> CAASPP (Pruebas estatales) Grados 3-8 y 11<\/span><\/li>\n<li><span style=\"font-weight: 400;\"><strong>26 de mayo de 2025:<\/strong> D\u00eda de los Ca\u00eddos &#8211; No hay clases<\/span><\/li>\n<li><span style=\"font-weight: 400;\"><strong>10 de junio de 2025:<\/strong> Fecha l\u00edmite para el \u00faltimo curso (s\u00f3lo Bachillerato)<\/span><\/li>\n<li><span style=\"font-weight: 400;\"><strong>17 de junio de 2025:<\/strong> \u00daltimo d\u00eda de clase<\/span><\/li>\n<li><span style=\"font-weight: 400;\"><strong>19 de junio de 2025:<\/strong> 19 de junio &#8211; No hay escuela<\/span><\/li>\n<\/ul>\n\t\t\t\t\t\t<\/div>\n\t\t\t\t<\/div>\n\t\t\t\t<div class=\"elementor-element elementor-element-a34af35 elementor-widget elementor-widget-spacer\" data-id=\"a34af35\" data-element_type=\"widget\" data-widget_type=\"spacer.default\">\n\t\t\t\t<div class=\"elementor-widget-container\">\n\t\t\t\t\t<div class=\"elementor-spacer\">\n\t\t\t<div class=\"elementor-spacer-inner\"><\/div>\n\t\t<\/div>\n\t\t\t\t<\/div>\n\t\t\t\t<\/div>\n\t\t\t\t\t<\/div>\n\t\t\t\t<\/div>\n\t\t\t\t\t\t\t<\/div>\n\t\t","protected":false},"excerpt":{"rendered":"<p>School Calendar Online school isn&#8217;t all academics all the time! Below are our school closures and important dates for holidays observances. Calendario del a\u00f1o escolar 2023-24 para las escuelas p\u00fablicas en l\u00ednea de California 5 de septiembre de 2023: Primer d\u00eda de clase 10 de noviembre de 2023: D\u00eda de los Veteranos &#8211; No hay [&hellip;]<\/p>\n","protected":false},"author":2,"featured_media":0,"parent":0,"menu_order":0,"comment_status":"closed","ping_status":"closed","template":"","meta":{"footnotes":""},"acf":[],"yoast_head":"<!-- This site is optimized with the Yoast SEO plugin v21.4 - https:\/\/yoast.com\/wordpress\/plugins\/seo\/ -->\n<title>Calendario acad\u00e9mico - California Online Public Schools<\/title>\n<meta name=\"description\" content=\"Calendario acad\u00e9mico - Learn more about % California Online Public School\" \/>\n<meta name=\"robots\" content=\"index, follow, max-snippet:-1, max-image-preview:large, max-video-preview:-1\" \/>\n<link rel=\"canonical\" href=\"https:\/\/californiaops.org\/es\/calendario-academico\/\" \/>\n<meta property=\"og:locale\" content=\"es_ES\" \/>\n<meta property=\"og:type\" content=\"article\" \/>\n<meta property=\"og:title\" content=\"Calendario acad\u00e9mico - California Online Public Schools\" \/>\n<meta property=\"og:description\" content=\"Calendario acad\u00e9mico - Learn more about % California Online Public School\" \/>\n<meta property=\"og:url\" content=\"https:\/\/californiaops.org\/es\/calendario-academico\/\" \/>\n<meta property=\"og:site_name\" content=\"California Online Public Schools\" \/>\n<meta property=\"article:modified_time\" content=\"2024-08-02T17:00:11+00:00\" \/>\n<meta name=\"twitter:card\" content=\"summary_large_image\" \/>\n<meta name=\"twitter:label1\" content=\"Est. reading time\" \/>\n\t<meta name=\"twitter:data1\" content=\"2 minutos\" \/>\n<script type=\"application\/ld+json\" class=\"yoast-schema-graph\">{\"@context\":\"https:\/\/schema.org\",\"@graph\":[{\"@type\":\"WebPage\",\"@id\":\"https:\/\/californiaops.org\/es\/calendario-academico\/\",\"url\":\"https:\/\/californiaops.org\/es\/calendario-academico\/\",\"name\":\"Calendario acad\u00e9mico - California Online Public Schools\",\"isPartOf\":{\"@id\":\"https:\/\/californiaops.org\/es\/#website\"},\"datePublished\":\"2023-10-16T15:31:07+00:00\",\"dateModified\":\"2024-08-02T17:00:11+00:00\",\"description\":\"Calendario acad\u00e9mico - Learn more about % California Online Public School\",\"breadcrumb\":{\"@id\":\"https:\/\/californiaops.org\/es\/calendario-academico\/#breadcrumb\"},\"inLanguage\":\"es\",\"potentialAction\":[{\"@type\":\"ReadAction\",\"target\":[\"https:\/\/californiaops.org\/es\/calendario-academico\/\"]}]},{\"@type\":\"BreadcrumbList\",\"@id\":\"https:\/\/californiaops.org\/es\/calendario-academico\/#breadcrumb\",\"itemListElement\":[{\"@type\":\"ListItem\",\"position\":1,\"name\":\"Home\",\"item\":\"https:\/\/californiaops.org\/es\/inicio\/\"},{\"@type\":\"ListItem\",\"position\":2,\"name\":\"Calendario acad\u00e9mico\"}]},{\"@type\":\"WebSite\",\"@id\":\"https:\/\/californiaops.org\/es\/#website\",\"url\":\"https:\/\/californiaops.org\/es\/\",\"name\":\"California Online Public Schools\",\"description\":\"\",\"publisher\":{\"@id\":\"https:\/\/californiaops.org\/es\/#organization\"},\"potentialAction\":[{\"@type\":\"SearchAction\",\"target\":{\"@type\":\"EntryPoint\",\"urlTemplate\":\"https:\/\/californiaops.org\/es\/?s={search_term_string}\"},\"query-input\":\"required name=search_term_string\"}],\"inLanguage\":\"es\"},{\"@type\":\"Organization\",\"@id\":\"https:\/\/californiaops.org\/es\/#organization\",\"name\":\"California Online Public Schools\",\"url\":\"https:\/\/californiaops.org\/es\/\",\"logo\":{\"@type\":\"ImageObject\",\"inLanguage\":\"es\",\"@id\":\"https:\/\/californiaops.org\/es\/#\/schema\/logo\/image\/\",\"url\":\"https:\/\/californiaops.org\/wp-content\/uploads\/2023\/10\/calops-logo.svg\",\"contentUrl\":\"https:\/\/californiaops.org\/wp-content\/uploads\/2023\/10\/calops-logo.svg\",\"width\":274,\"height\":67,\"caption\":\"California Online Public Schools\"},\"image\":{\"@id\":\"https:\/\/californiaops.org\/es\/#\/schema\/logo\/image\/\"}}]}<\/script>\n<!-- \/ Yoast SEO plugin. -->","yoast_head_json":{"title":"Calendario acad\u00e9mico - California Online Public Schools","description":"Calendario acad\u00e9mico - Learn more about % California Online Public School","robots":{"index":"index","follow":"follow","max-snippet":"max-snippet:-1","max-image-preview":"max-image-preview:large","max-video-preview":"max-video-preview:-1"},"canonical":"https:\/\/californiaops.org\/es\/calendario-academico\/","og_locale":"es_ES","og_type":"article","og_title":"Calendario acad\u00e9mico - California Online Public Schools","og_description":"Calendario acad\u00e9mico - Learn more about % California Online Public School","og_url":"https:\/\/californiaops.org\/es\/calendario-academico\/","og_site_name":"California Online Public Schools","article_modified_time":"2024-08-02T17:00:11+00:00","twitter_card":"summary_large_image","twitter_misc":{"Est. reading time":"2 minutos"},"schema":{"@context":"https:\/\/schema.org","@graph":[{"@type":"WebPage","@id":"https:\/\/californiaops.org\/es\/calendario-academico\/","url":"https:\/\/californiaops.org\/es\/calendario-academico\/","name":"Calendario acad\u00e9mico - California Online Public Schools","isPartOf":{"@id":"https:\/\/californiaops.org\/es\/#website"},"datePublished":"2023-10-16T15:31:07+00:00","dateModified":"2024-08-02T17:00:11+00:00","description":"Calendario acad\u00e9mico - Learn more about % California Online Public School","breadcrumb":{"@id":"https:\/\/californiaops.org\/es\/calendario-academico\/#breadcrumb"},"inLanguage":"es","potentialAction":[{"@type":"ReadAction","target":["https:\/\/californiaops.org\/es\/calendario-academico\/"]}]},{"@type":"BreadcrumbList","@id":"https:\/\/californiaops.org\/es\/calendario-academico\/#breadcrumb","itemListElement":[{"@type":"ListItem","position":1,"name":"Home","item":"https:\/\/californiaops.org\/es\/inicio\/"},{"@type":"ListItem","position":2,"name":"Calendario acad\u00e9mico"}]},{"@type":"WebSite","@id":"https:\/\/californiaops.org\/es\/#website","url":"https:\/\/californiaops.org\/es\/","name":"California Online Public Schools","description":"","publisher":{"@id":"https:\/\/californiaops.org\/es\/#organization"},"potentialAction":[{"@type":"SearchAction","target":{"@type":"EntryPoint","urlTemplate":"https:\/\/californiaops.org\/es\/?s={search_term_string}"},"query-input":"required name=search_term_string"}],"inLanguage":"es"},{"@type":"Organization","@id":"https:\/\/californiaops.org\/es\/#organization","name":"California Online Public Schools","url":"https:\/\/californiaops.org\/es\/","logo":{"@type":"ImageObject","inLanguage":"es","@id":"https:\/\/californiaops.org\/es\/#\/schema\/logo\/image\/","url":"https:\/\/californiaops.org\/wp-content\/uploads\/2023\/10\/calops-logo.svg","contentUrl":"https:\/\/californiaops.org\/wp-content\/uploads\/2023\/10\/calops-logo.svg","width":274,"height":67,"caption":"California Online Public Schools"},"image":{"@id":"https:\/\/californiaops.org\/es\/#\/schema\/logo\/image\/"}}]}},"_links":{"self":[{"href":"https:\/\/californiaops.org\/es\/wp-json\/wp\/v2\/pages\/4634"}],"collection":[{"href":"https:\/\/californiaops.org\/es\/wp-json\/wp\/v2\/pages"}],"about":[{"href":"https:\/\/californiaops.org\/es\/wp-json\/wp\/v2\/types\/page"}],"author":[{"embeddable":true,"href":"https:\/\/californiaops.org\/es\/wp-json\/wp\/v2\/users\/2"}],"replies":[{"embeddable":true,"href":"https:\/\/californiaops.org\/es\/wp-json\/wp\/v2\/comments?post=4634"}],"version-history":[{"count":3,"href":"https:\/\/californiaops.org\/es\/wp-json\/wp\/v2\/pages\/4634\/revisions"}],"predecessor-version":[{"id":7023,"href":"https:\/\/californiaops.org\/es\/wp-json\/wp\/v2\/pages\/4634\/revisions\/7023"}],"wp:attachment":[{"href":"https:\/\/californiaops.org\/es\/wp-json\/wp\/v2\/media?parent=4634"}],"curies":[{"name":"wp","href":"https:\/\/api.w.org\/{rel}","templated":true}]}}