{"id":4587,"date":"2023-12-05T17:10:27","date_gmt":"2023-12-05T17:10:27","guid":{"rendered":"https:\/\/californiaops.org\/gracias\/"},"modified":"2024-01-31T00:23:27","modified_gmt":"2024-01-31T00:23:27","slug":"gracias","status":"publish","type":"page","link":"https:\/\/californiaops.org\/es\/gracias\/","title":{"rendered":"Gracias"},"content":{"rendered":"\t\t<div data-elementor-type=\"wp-page\" data-elementor-id=\"4587\" class=\"elementor elementor-4587 elementor-1397\" data-elementor-post-type=\"page\">\n\t\t\t\t\t\t\t<div class=\"elementor-element elementor-element-c2758b4 e-flex e-con-boxed e-con e-parent\" data-id=\"c2758b4\" data-element_type=\"container\" data-settings=\"{&quot;container_type&quot;:&quot;flex&quot;,&quot;content_width&quot;:&quot;boxed&quot;}\" data-core-v316-plus=\"true\">\n\t\t\t\t\t<div class=\"e-con-inner\">\n\t\t\t\t<div class=\"elementor-element elementor-element-4959bac elementor-widget elementor-widget-spacer\" data-id=\"4959bac\" data-element_type=\"widget\" data-widget_type=\"spacer.default\">\n\t\t\t\t<div class=\"elementor-widget-container\">\n\t\t\t<style>\/*! elementor - v3.18.0 - 20-12-2023 *\/\n.elementor-column .elementor-spacer-inner{height:var(--spacer-size)}.e-con{--container-widget-width:100%}.e-con-inner>.elementor-widget-spacer,.e-con>.elementor-widget-spacer{width:var(--container-widget-width,var(--spacer-size));--align-self:var(--container-widget-align-self,initial);--flex-shrink:0}.e-con-inner>.elementor-widget-spacer>.elementor-widget-container,.e-con>.elementor-widget-spacer>.elementor-widget-container{height:100%;width:100%}.e-con-inner>.elementor-widget-spacer>.elementor-widget-container>.elementor-spacer,.e-con>.elementor-widget-spacer>.elementor-widget-container>.elementor-spacer{height:100%}.e-con-inner>.elementor-widget-spacer>.elementor-widget-container>.elementor-spacer>.elementor-spacer-inner,.e-con>.elementor-widget-spacer>.elementor-widget-container>.elementor-spacer>.elementor-spacer-inner{height:var(--container-widget-height,var(--spacer-size))}.e-con-inner>.elementor-widget-spacer.elementor-widget-empty,.e-con>.elementor-widget-spacer.elementor-widget-empty{position:relative;min-height:22px;min-width:22px}.e-con-inner>.elementor-widget-spacer.elementor-widget-empty .elementor-widget-empty-icon,.e-con>.elementor-widget-spacer.elementor-widget-empty .elementor-widget-empty-icon{position:absolute;top:0;bottom:0;left:0;right:0;margin:auto;padding:0;width:22px;height:22px}<\/style>\t\t<div class=\"elementor-spacer\">\n\t\t\t<div class=\"elementor-spacer-inner\"><\/div>\n\t\t<\/div>\n\t\t\t\t<\/div>\n\t\t\t\t<\/div>\n\t\t\t\t<div class=\"elementor-element elementor-element-fa24155 elementor-view-default elementor-widget elementor-widget-icon\" data-id=\"fa24155\" data-element_type=\"widget\" data-widget_type=\"icon.default\">\n\t\t\t\t<div class=\"elementor-widget-container\">\n\t\t\t\t\t<div class=\"elementor-icon-wrapper\">\n\t\t\t<div class=\"elementor-icon\">\n\t\t\t<i aria-hidden=\"true\" class=\"far fa-check-circle\"><\/i>\t\t\t<\/div>\n\t\t<\/div>\n\t\t\t\t<\/div>\n\t\t\t\t<\/div>\n\t\t\t\t\t<\/div>\n\t\t\t\t<\/div>\n\t\t<div class=\"elementor-element elementor-element-370ff9a e-flex e-con-boxed e-con e-parent\" data-id=\"370ff9a\" data-element_type=\"container\" data-settings=\"{&quot;container_type&quot;:&quot;flex&quot;,&quot;content_width&quot;:&quot;boxed&quot;}\" data-core-v316-plus=\"true\">\n\t\t\t\t\t<div class=\"e-con-inner\">\n\t\t\t\t<div class=\"elementor-element elementor-element-149ea01 elementor-widget elementor-widget-heading\" data-id=\"149ea01\" data-element_type=\"widget\" data-widget_type=\"heading.default\">\n\t\t\t\t<div class=\"elementor-widget-container\">\n\t\t\t<style>\/*! elementor - v3.18.0 - 20-12-2023 *\/\n.elementor-heading-title{padding:0;margin:0;line-height:1}.elementor-widget-heading .elementor-heading-title[class*=elementor-size-]>a{color:inherit;font-size:inherit;line-height:inherit}.elementor-widget-heading .elementor-heading-title.elementor-size-small{font-size:15px}.elementor-widget-heading .elementor-heading-title.elementor-size-medium{font-size:19px}.elementor-widget-heading .elementor-heading-title.elementor-size-large{font-size:29px}.elementor-widget-heading .elementor-heading-title.elementor-size-xl{font-size:39px}.elementor-widget-heading .elementor-heading-title.elementor-size-xxl{font-size:59px}<\/style><h2 class=\"elementor-heading-title elementor-size-default\">Gracias.<\/h2>\t\t<\/div>\n\t\t\t\t<\/div>\n\t\t\t\t<div class=\"elementor-element elementor-element-4e338d0 elementor-widget elementor-widget-spacer\" data-id=\"4e338d0\" data-element_type=\"widget\" data-widget_type=\"spacer.default\">\n\t\t\t\t<div class=\"elementor-widget-container\">\n\t\t\t\t\t<div class=\"elementor-spacer\">\n\t\t\t<div class=\"elementor-spacer-inner\"><\/div>\n\t\t<\/div>\n\t\t\t\t<\/div>\n\t\t\t\t<\/div>\n\t\t\t\t<div class=\"elementor-element elementor-element-01a31eb elementor-widget elementor-widget-text-editor\" data-id=\"01a31eb\" data-element_type=\"widget\" data-widget_type=\"text-editor.default\">\n\t\t\t\t<div class=\"elementor-widget-container\">\n\t\t\t<style>\/*! elementor - v3.18.0 - 20-12-2023 *\/\n.elementor-widget-text-editor.elementor-drop-cap-view-stacked .elementor-drop-cap{background-color:#69727d;color:#fff}.elementor-widget-text-editor.elementor-drop-cap-view-framed .elementor-drop-cap{color:#69727d;border:3px solid;background-color:transparent}.elementor-widget-text-editor:not(.elementor-drop-cap-view-default) .elementor-drop-cap{margin-top:8px}.elementor-widget-text-editor:not(.elementor-drop-cap-view-default) .elementor-drop-cap-letter{width:1em;height:1em}.elementor-widget-text-editor .elementor-drop-cap{float:left;text-align:center;line-height:1;font-size:50px}.elementor-widget-text-editor .elementor-drop-cap-letter{display:inline-block}<\/style>\t\t\t\t<p>Agradecemos su inter\u00e9s en las Escuelas P\u00fablicas Online de California. Est\u00e9 atento para recibir informaci\u00f3n sobre la inscripci\u00f3n para 2024 y m\u00e1s directamente en su bandeja de entrada.&nbsp;<\/p>\n\t\t\t\t\t\t<\/div>\n\t\t\t\t<\/div>\n\t\t\t\t\t<\/div>\n\t\t\t\t<\/div>\n\t\t<div class=\"elementor-element elementor-element-2662331 e-flex e-con-boxed e-con e-parent\" data-id=\"2662331\" data-element_type=\"container\" data-settings=\"{&quot;container_type&quot;:&quot;flex&quot;,&quot;content_width&quot;:&quot;boxed&quot;}\" data-core-v316-plus=\"true\">\n\t\t\t\t\t<div class=\"e-con-inner\">\n\t\t\t\t<div class=\"elementor-element elementor-element-b252448 elementor-widget elementor-widget-spacer\" data-id=\"b252448\" data-element_type=\"widget\" data-widget_type=\"spacer.default\">\n\t\t\t\t<div class=\"elementor-widget-container\">\n\t\t\t\t\t<div class=\"elementor-spacer\">\n\t\t\t<div class=\"elementor-spacer-inner\"><\/div>\n\t\t<\/div>\n\t\t\t\t<\/div>\n\t\t\t\t<\/div>\n\t\t\t\t<div class=\"elementor-element elementor-element-8d57bd3 elementor-align-center elementor-widget elementor-widget-button\" data-id=\"8d57bd3\" data-element_type=\"widget\" data-widget_type=\"button.default\">\n\t\t\t\t<div class=\"elementor-widget-container\">\n\t\t\t\t\t<div class=\"elementor-button-wrapper\">\n\t\t\t<a class=\"elementor-button elementor-button-link elementor-size-sm\" href=\"https:\/\/californiaops.org\/es\/\">\n\t\t\t\t\t\t<span class=\"elementor-button-content-wrapper\">\n\t\t\t\t\t\t<span class=\"elementor-button-text\">Volver al inicio<\/span>\n\t\t<\/span>\n\t\t\t\t\t<\/a>\n\t\t<\/div>\n\t\t\t\t<\/div>\n\t\t\t\t<\/div>\n\t\t\t\t<div class=\"elementor-element elementor-element-b0fb097 elementor-widget elementor-widget-spacer\" data-id=\"b0fb097\" data-element_type=\"widget\" data-widget_type=\"spacer.default\">\n\t\t\t\t<div class=\"elementor-widget-container\">\n\t\t\t\t\t<div class=\"elementor-spacer\">\n\t\t\t<div class=\"elementor-spacer-inner\"><\/div>\n\t\t<\/div>\n\t\t\t\t<\/div>\n\t\t\t\t<\/div>\n\t\t\t\t\t<\/div>\n\t\t\t\t<\/div>\n\t\t\t\t\t\t\t<\/div>\n\t\t","protected":false},"excerpt":{"rendered":"<p>Gracias. Agradecemos su inter\u00e9s en las Escuelas P\u00fablicas Online de California. Est\u00e9 atento para recibir informaci\u00f3n sobre la inscripci\u00f3n para 2024 y m\u00e1s directamente en su bandeja de entrada.&nbsp; Volver al inicio<\/p>\n","protected":false},"author":3,"featured_media":0,"parent":0,"menu_order":0,"comment_status":"closed","ping_status":"closed","template":"","meta":{"footnotes":""},"acf":[],"yoast_head":"<!-- This site is optimized with the Yoast SEO plugin v21.4 - https:\/\/yoast.com\/wordpress\/plugins\/seo\/ -->\n<title>Gracias - California Online Public Schools<\/title>\n<meta name=\"description\" content=\"Gracias - Learn more about % California Online Public School\" \/>\n<meta name=\"robots\" content=\"index, follow, max-snippet:-1, max-image-preview:large, max-video-preview:-1\" \/>\n<link rel=\"canonical\" href=\"https:\/\/californiaops.org\/es\/gracias\/\" \/>\n<meta property=\"og:locale\" content=\"es_ES\" \/>\n<meta property=\"og:type\" content=\"article\" \/>\n<meta property=\"og:title\" content=\"Gracias - California Online Public Schools\" \/>\n<meta property=\"og:description\" content=\"Gracias - Learn more about % California Online Public School\" \/>\n<meta property=\"og:url\" content=\"https:\/\/californiaops.org\/es\/gracias\/\" \/>\n<meta property=\"og:site_name\" content=\"California Online Public Schools\" \/>\n<meta property=\"article:modified_time\" content=\"2024-01-31T00:23:27+00:00\" \/>\n<meta name=\"twitter:card\" content=\"summary_large_image\" \/>\n<script type=\"application\/ld+json\" class=\"yoast-schema-graph\">{\"@context\":\"https:\/\/schema.org\",\"@graph\":[{\"@type\":\"WebPage\",\"@id\":\"https:\/\/californiaops.org\/es\/gracias\/\",\"url\":\"https:\/\/californiaops.org\/es\/gracias\/\",\"name\":\"Gracias - California Online Public Schools\",\"isPartOf\":{\"@id\":\"https:\/\/californiaops.org\/es\/#website\"},\"datePublished\":\"2023-12-05T17:10:27+00:00\",\"dateModified\":\"2024-01-31T00:23:27+00:00\",\"description\":\"Gracias - Learn more about % California Online Public School\",\"breadcrumb\":{\"@id\":\"https:\/\/californiaops.org\/es\/gracias\/#breadcrumb\"},\"inLanguage\":\"es\",\"potentialAction\":[{\"@type\":\"ReadAction\",\"target\":[\"https:\/\/californiaops.org\/es\/gracias\/\"]}]},{\"@type\":\"BreadcrumbList\",\"@id\":\"https:\/\/californiaops.org\/es\/gracias\/#breadcrumb\",\"itemListElement\":[{\"@type\":\"ListItem\",\"position\":1,\"name\":\"Home\",\"item\":\"https:\/\/californiaops.org\/es\/inicio\/\"},{\"@type\":\"ListItem\",\"position\":2,\"name\":\"Gracias\"}]},{\"@type\":\"WebSite\",\"@id\":\"https:\/\/californiaops.org\/es\/#website\",\"url\":\"https:\/\/californiaops.org\/es\/\",\"name\":\"California Online Public Schools\",\"description\":\"\",\"publisher\":{\"@id\":\"https:\/\/californiaops.org\/es\/#organization\"},\"potentialAction\":[{\"@type\":\"SearchAction\",\"target\":{\"@type\":\"EntryPoint\",\"urlTemplate\":\"https:\/\/californiaops.org\/es\/?s={search_term_string}\"},\"query-input\":\"required name=search_term_string\"}],\"inLanguage\":\"es\"},{\"@type\":\"Organization\",\"@id\":\"https:\/\/californiaops.org\/es\/#organization\",\"name\":\"California Online Public Schools\",\"url\":\"https:\/\/californiaops.org\/es\/\",\"logo\":{\"@type\":\"ImageObject\",\"inLanguage\":\"es\",\"@id\":\"https:\/\/californiaops.org\/es\/#\/schema\/logo\/image\/\",\"url\":\"https:\/\/californiaops.org\/wp-content\/uploads\/2023\/10\/calops-logo.svg\",\"contentUrl\":\"https:\/\/californiaops.org\/wp-content\/uploads\/2023\/10\/calops-logo.svg\",\"width\":274,\"height\":67,\"caption\":\"California Online Public Schools\"},\"image\":{\"@id\":\"https:\/\/californiaops.org\/es\/#\/schema\/logo\/image\/\"}}]}<\/script>\n<!-- \/ Yoast SEO plugin. -->","yoast_head_json":{"title":"Gracias - California Online Public Schools","description":"Gracias - Learn more about % California Online Public School","robots":{"index":"index","follow":"follow","max-snippet":"max-snippet:-1","max-image-preview":"max-image-preview:large","max-video-preview":"max-video-preview:-1"},"canonical":"https:\/\/californiaops.org\/es\/gracias\/","og_locale":"es_ES","og_type":"article","og_title":"Gracias - California Online Public Schools","og_description":"Gracias - Learn more about % California Online Public School","og_url":"https:\/\/californiaops.org\/es\/gracias\/","og_site_name":"California Online Public Schools","article_modified_time":"2024-01-31T00:23:27+00:00","twitter_card":"summary_large_image","schema":{"@context":"https:\/\/schema.org","@graph":[{"@type":"WebPage","@id":"https:\/\/californiaops.org\/es\/gracias\/","url":"https:\/\/californiaops.org\/es\/gracias\/","name":"Gracias - California Online Public Schools","isPartOf":{"@id":"https:\/\/californiaops.org\/es\/#website"},"datePublished":"2023-12-05T17:10:27+00:00","dateModified":"2024-01-31T00:23:27+00:00","description":"Gracias - Learn more about % California Online Public School","breadcrumb":{"@id":"https:\/\/californiaops.org\/es\/gracias\/#breadcrumb"},"inLanguage":"es","potentialAction":[{"@type":"ReadAction","target":["https:\/\/californiaops.org\/es\/gracias\/"]}]},{"@type":"BreadcrumbList","@id":"https:\/\/californiaops.org\/es\/gracias\/#breadcrumb","itemListElement":[{"@type":"ListItem","position":1,"name":"Home","item":"https:\/\/californiaops.org\/es\/inicio\/"},{"@type":"ListItem","position":2,"name":"Gracias"}]},{"@type":"WebSite","@id":"https:\/\/californiaops.org\/es\/#website","url":"https:\/\/californiaops.org\/es\/","name":"California Online Public Schools","description":"","publisher":{"@id":"https:\/\/californiaops.org\/es\/#organization"},"potentialAction":[{"@type":"SearchAction","target":{"@type":"EntryPoint","urlTemplate":"https:\/\/californiaops.org\/es\/?s={search_term_string}"},"query-input":"required name=search_term_string"}],"inLanguage":"es"},{"@type":"Organization","@id":"https:\/\/californiaops.org\/es\/#organization","name":"California Online Public Schools","url":"https:\/\/californiaops.org\/es\/","logo":{"@type":"ImageObject","inLanguage":"es","@id":"https:\/\/californiaops.org\/es\/#\/schema\/logo\/image\/","url":"https:\/\/californiaops.org\/wp-content\/uploads\/2023\/10\/calops-logo.svg","contentUrl":"https:\/\/californiaops.org\/wp-content\/uploads\/2023\/10\/calops-logo.svg","width":274,"height":67,"caption":"California Online Public Schools"},"image":{"@id":"https:\/\/californiaops.org\/es\/#\/schema\/logo\/image\/"}}]}},"_links":{"self":[{"href":"https:\/\/californiaops.org\/es\/wp-json\/wp\/v2\/pages\/4587"}],"collection":[{"href":"https:\/\/californiaops.org\/es\/wp-json\/wp\/v2\/pages"}],"about":[{"href":"https:\/\/californiaops.org\/es\/wp-json\/wp\/v2\/types\/page"}],"author":[{"embeddable":true,"href":"https:\/\/californiaops.org\/es\/wp-json\/wp\/v2\/users\/3"}],"replies":[{"embeddable":true,"href":"https:\/\/californiaops.org\/es\/wp-json\/wp\/v2\/comments?post=4587"}],"version-history":[{"count":2,"href":"https:\/\/californiaops.org\/es\/wp-json\/wp\/v2\/pages\/4587\/revisions"}],"predecessor-version":[{"id":4593,"href":"https:\/\/californiaops.org\/es\/wp-json\/wp\/v2\/pages\/4587\/revisions\/4593"}],"wp:attachment":[{"href":"https:\/\/californiaops.org\/es\/wp-json\/wp\/v2\/media?parent=4587"}],"curies":[{"name":"wp","href":"https:\/\/api.w.org\/{rel}","templated":true}]}}